{"id":540,"date":"2019-04-10T09:37:22","date_gmt":"2019-04-10T09:37:22","guid":{"rendered":"https:\/\/www.teltec.ch\/?page_id=540"},"modified":"2019-12-18T17:49:54","modified_gmt":"2019-12-18T17:49:54","slug":"imprimer","status":"publish","type":"page","link":"https:\/\/www.teltec.ch\/fr\/imprimer\/","title":{"rendered":"Imprimer"},"content":{"rendered":"<div class=\"vc_row wpb_row vc_row-fluid\"><div class=\"wpb_column vc_column_container vc_col-sm-12\"><div class=\"vc_column-inner\"><div class=\"wpb_wrapper\">\n\t<div class=\"wpb_text_column wpb_content_element\"  >\n\t\t<div class=\"wpb_wrapper\">\n\t\t\t<h3>Imprimer<\/h3>\n<p><strong><span class=\"goog-text-highlight\">Fournisseur du site Web :<\/span><\/strong><br \/>\nteltec systems ag<br \/>\nRue de l'Oberebene 11<br \/>\nCH-5620 Bremgarten<\/p>\n<p><strong>T\u00e9l.<\/strong> <a href=\"tel: 410566487003\">+41(0)56 648 70 03<\/a><br \/>\n<strong>Fax<\/strong> <a href=\"tel: 410566487007\">+41(0)56 648 70 07<\/a><br \/>\n<strong>Email<\/strong> <a href=\"mailto:info@teltec.ch\">info@teltec.ch<\/a><\/p>\n<p><strong><span class=\"\">Registre du commerce no.<\/span><\/strong>: CH-400.1.015.290-1<br \/>\n<strong>N \u00b0 de TVA<\/strong>\u00a0:CHE-109.626.040<\/p>\n<p><strong><span class=\"\">Propri\u00e9taire<\/span><\/strong><span class=\"\">\u00a0<\/span>: Markus Tellenbach &amp; Thomas Anner<br \/>\n<strong><span class=\"\">Personne de contact pour le site web<\/span><\/strong><span class=\"\">\u00a0:<\/span> Thomas Anner<\/p>\n<div><strong>Concept, conception et r\u00e9alisation technique<\/strong><\/div>\n<div>Focus Internet<\/div>\n<div>Rue de Zurich 137<\/div>\n<div>8952 Schlieren ZH<\/div>\n<div>056 450 98 40<\/div>\n<div>hello@focus-internet.ch<\/div>\n<div>www.focus-internet.com<\/div>\n<div><\/div>\n<p>L'impression de ce site Web s'applique \u00e9galement aux sites Web de m\u00e9dias sociaux suivants de teltec systems ag : xing, linkedin<\/p>\n<h3>protection des donn\u00e9es<\/h3>\n<p><span class=\"\">Seulement dans la mesure o\u00f9 le traitement de votre demande, votre commande ou votre commande conform\u00e9ment \u00e0 l'art.\u00a0<\/span>6 par. 1 phrase 1 lit. b RGPD exige que nous transmettions vos donn\u00e9es personnelles \u00e0 des tiers. Cela inclut notamment la transmission de donn\u00e9es au partenaire local responsable du service client en Europe.<\/p>\n<p>Vous trouverez ici un aper\u00e7u des entreprises partenaires dans la liste ci-dessous.<\/p>\n<p>Les donn\u00e9es transf\u00e9r\u00e9es peuvent \u00eatre utilis\u00e9es par le tiers exclusivement aux fins \u00e9nonc\u00e9es. Incidemment, il n'y a pas de transmission de donn\u00e9es \u00e0 des tiers.<\/p>\n<p><strong>d\u00e9n\u00e9gation de responsabilit\u00e9<\/strong><br \/>\nL'auteur d\u00e9cline toute responsabilit\u00e9 quant \u00e0 l'exactitude, la pr\u00e9cision, l'actualit\u00e9, la fiabilit\u00e9 et l'exhaustivit\u00e9 des informations mises \u00e0 disposition. La responsabilit\u00e9 de l'auteur est exclue en cas de dommages mat\u00e9riels ou immat\u00e9riels r\u00e9sultant de l'acc\u00e8s, de l'utilisation ou de la non-utilisation des informations publi\u00e9es, d'une mauvaise utilisation de la connexion ou de d\u00e9faillances techniques. Toutes les offres sont sans engagement. L'auteur se r\u00e9serve express\u00e9ment le droit de modifier, de compl\u00e9ter ou d'effacer des parties des pages ou l'ensemble de l'offre sans avis pr\u00e9alable ou d'en suspendre temporairement ou d\u00e9finitivement la publication.<\/p>\n<p><strong>Responsabilit\u00e9 pour les liens<\/strong><br \/>\nLes r\u00e9f\u00e9rences et liens vers des sites Internet de tiers ne rel\u00e8vent pas de notre responsabilit\u00e9 et nous d\u00e9clinons toute responsabilit\u00e9 quant \u00e0 ces sites Internet. L'acc\u00e8s \u00e0 ces sites Web et leur utilisation se font aux risques et p\u00e9rils de l'utilisateur.<\/p>\n<p><strong>Droits d'auteur<\/strong><br \/>\nLes droits d'auteur et tous les autres droits sur le contenu, les images, les photographies ou autres fichiers du site Internet appartiennent exclusivement \u00e0 Propri\u00e9taire du site web. Le contenu, les images, les photos ou autres fichiers ne peuvent \u00eatre copi\u00e9s, t\u00e9l\u00e9charg\u00e9s ou utilis\u00e9s \u00e0 des fins personnelles.<\/p>\n<p><strong>Politique de confidentialit\u00e9<\/strong><br \/>\nLa protection de votre vie priv\u00e9e est prise au s\u00e9rieux par nous. Ci-dessous, nous vous informons en d\u00e9tail sur le traitement de vos donn\u00e9es :<\/p>\n<p>Toute personne a droit au respect de sa vie priv\u00e9e et \u00e0 la protection contre l'utilisation abusive de ses donn\u00e9es personnelles. Nous nous conformons \u00e0 cette r\u00e9glementation. Les donn\u00e9es personnelles sont trait\u00e9es de mani\u00e8re strictement confidentielle et ne sont ni vendues ni transmises \u00e0 des tiers. En \u00e9troite collaboration avec nos h\u00e9bergeurs, nous effor\u00e7ons de prot\u00e9ger au mieux les bases de donn\u00e9es contre tout acc\u00e8s non autoris\u00e9, perte, abus ou falsification.<\/p>\n<p>La d\u00e9claration de protection des donn\u00e9es suivante est valable pour l'ensemble du site web du propri\u00e9taire du site web. Ceci inclut tous les domaines.<\/p>\n<p><strong>Traitement des donn\u00e9es personnelles<\/strong><br \/>\nLes donn\u00e9es personnelles sont des informations permettant d'identifier une personne, c'est-\u00e0-dire des informations permettant de remonter jusqu'\u00e0 une personne. Cela comprend le nom, l'adresse \u00e9lectronique ou le num\u00e9ro de t\u00e9l\u00e9phone. Mais les donn\u00e9es concernant les pr\u00e9f\u00e9rences, les loisirs, les adh\u00e9sions ou les sites Web consult\u00e9s par quelqu'un sont \u00e9galement consid\u00e9r\u00e9es comme des donn\u00e9es \u00e0 caract\u00e8re personnel.<\/p>\n<p>Les donn\u00e9es personnelles ne sont collect\u00e9es, utilis\u00e9es et transmises par nous que si la loi l'autorise ou si l'utilisateur donne son accord \u00e0 la collecte des donn\u00e9es, et si des donn\u00e9es correspondantes sont collect\u00e9es, ces donn\u00e9es peuvent \u00eatre utilis\u00e9es en cons\u00e9quence avec des fournisseurs d'analyse et de suivi.<\/p>\n<p><strong>Nous contacter<\/strong><br \/>\nSi vous nous contactez par le biais du formulaire sur le site Web ou par e-mail, les donn\u00e9es que vous nous fournissez seront stock\u00e9es par nous dans le but de traiter votre demande et dans le cas de questions compl\u00e9mentaires. Ces donn\u00e9es ne seront pas transmises sans votre consentement.<\/p>\n<p><strong>Donn\u00e9es d'acc\u00e8s \/ fichiers journaux du serveur<\/strong><br \/>\nNous (ou notre fournisseur Web) collectons des donn\u00e9es sur chaque acc\u00e8s \u00e0 l'offre (fichiers journaux du serveur). Les donn\u00e9es d'acc\u00e8s comprennent le nom du site Web consult\u00e9, la date et l'heure d'acc\u00e8s, le type et la version du navigateur, le syst\u00e8me d'exploitation utilis\u00e9, l'URL de r\u00e9f\u00e9rence (la page visit\u00e9e pr\u00e9c\u00e9demment) et le nom d'h\u00f4te de l'ordinateur consult\u00e9 (adresse IP). Le fournisseur n'utilise les donn\u00e9es du journal que pour des \u00e9valuations statistiques \u00e0 des fins d'exploitation, de s\u00e9curit\u00e9 et d'optimisation de l'offre.<\/p>\n<p><strong>Cookies<\/strong><br \/>\nLes cookies sont de petits fichiers qui permettent de stocker des informations sp\u00e9cifiques relatives \u00e0 l'appareil sur le dispositif d'acc\u00e8s de l'utilisateur (PC, smartphone, etc.). Ils servent, d'une part, la convivialit\u00e9 des sites Web et donc des utilisateurs (par exemple, le stockage des donn\u00e9es de connexion). D'autre part, ils servent \u00e0 collecter des donn\u00e9es statistiques sur l'utilisation du site et \u00e0 pouvoir les analyser afin d'am\u00e9liorer l'offre. Nous utilisons des cookies pour rendre notre site Web convivial. Certains cookies restent stock\u00e9s sur votre terminal jusqu'\u00e0 ce que vous les supprimiez. Ils nous permettent de reconna\u00eetre votre navigateur lors de votre prochaine visite.<\/p>\n<p>Les utilisateurs peuvent influencer l'utilisation des cookies. La plupart des navigateurs ont une option qui restreint ou emp\u00eache compl\u00e8tement le stockage des cookies. Toutefois, il est pr\u00e9cis\u00e9 que l'utilisation et en particulier le confort d'utilisation sont limit\u00e9s sans cookies.<br \/>\nVous trouverez ici des instructions sur la mani\u00e8re de supprimer les cookies dans les navigateurs les plus courants :<\/p>\n<ul>\n<li>Microsoft Internet Explorer : <a href=\"http:\/\/windows.microsoft.com\/de-DE\/windows-vista\/Block-or-allow-cookies\">instruction<\/a><\/li>\n<li>Mozilla Firefox : <a href=\"https:\/\/support.mozilla.com\/de\/kb\/cookies-loeschen-daten-von-websites-entfernen\">instruction<\/a><\/li>\n<li>Google Chrome : <a href=\"https:\/\/support.google.com\/chrome\/answer\/95647?hl=de\">instruction<\/a><\/li>\n<li>Apple Safari : <a href=\"https:\/\/support.apple.com\/de-ch\/guide\/safari\/sfri11471\/mac\">intruction<\/a><\/li>\n<li>Op\u00e9ra : <a href=\"http:\/\/help.opera.com\/Windows\/9.10\/de\/cookies.html\">instruction<\/a><\/li>\n<\/ul>\n<p>Vous pouvez \u00e9galement d\u00e9sactiver l'utilisation des cookies par des tiers en visitant la page Network Advertising Initiative disable \u00e0 <a href=\"hhttp:\/\/www.networkadvertising.org\/managing\/opt_out.asp\">hhttp:\/\/www.networkadvertising.org\/managing\/opt_out.asp<\/a>.<\/p>\n<p><strong>Google Analytics et Google Remarketing<\/strong><br \/>\nGoogle Analytics utilise des \"cookies\", qui sont des fichiers texte plac\u00e9s sur l'ordinateur de l'utilisateur, pour aider le site Internet \u00e0 analyser l'utilisation du site par les utilisateurs. Les informations g\u00e9n\u00e9r\u00e9es par les cookies concernant l'utilisation de ce site Web par les utilisateurs sont g\u00e9n\u00e9ralement transmises et stock\u00e9es par Google sur des serveurs situ\u00e9s aux \u00c9tats-Unis.<\/p>\n<p>Toutefois, si l'anonymisation de la PI est activ\u00e9e sur ce site Web, l'adresse IP des utilisateurs de Google dans les \u00c9tats membres de l'Union europ\u00e9enne ou dans les autres \u00c9tats signataires de l'Accord sur l'Espace \u00e9conomique europ\u00e9en sera raccourcie au pr\u00e9alable. Ce n'est que dans des cas exceptionnels que l'adresse IP compl\u00e8te sera transmise \u00e0 un serveur Google aux Etats-Unis et raccourcie \u00e0 cet endroit. L'anonymisation de la PI est active sur ce site Web. Au nom de l'exploitant de ce site Web, Google utilisera ces informations dans le but d'\u00e9valuer l'utilisation du site Web par les utilisateurs, de compiler des rapports sur l'activit\u00e9 du site Web et de fournir d'autres services li\u00e9s \u00e0 l'activit\u00e9 du site Web et \u00e0 l'utilisation d'Internet pour les exploitants du site Web.<\/p>\n<p>L'adresse IP transmise par votre navigateur dans le cadre de Google Analytics n'est pas combin\u00e9e avec d'autres donn\u00e9es de Google. Les utilisateurs peuvent refuser l'utilisation de cookies en s\u00e9lectionnant les param\u00e8tres appropri\u00e9s sur leur navigateur, mais veuillez noter que si vous le faites, vous ne pourrez peut-\u00eatre pas utiliser toutes les fonctionnalit\u00e9s de ce site. En outre, l'utilisateur peut s'opposer \u00e0 ce que Google collecte les donn\u00e9es g\u00e9n\u00e9r\u00e9es par le cookie et relatives \u00e0 son utilisation du site (y compris votre adresse IP) et \u00e0 ce que Google les traite en t\u00e9l\u00e9chargeant et installant le plug-in du navigateur disponible sur le lien suivant : <a href=\"http:\/\/tools.google.com\/dlpage\/gaoptout?hl=de\">http:\/\/tools.google.com\/dlpage\/gaoptout?hl=de<\/a>.<\/p>\n<p><strong>Suivi universel des \u00e9v\u00e9nements Bing (UET)<\/strong><br \/>\nNotre site Web utilise la technologie Bing Ads pour collecter et stocker des donn\u00e9es \u00e0 partir desquelles des profils d'utilisateurs sont cr\u00e9\u00e9s en utilisant des pseudonymes. Ceci est un service de Microsoft Corporation, One Microsoft Way, Redmond, WA 98052-6399, USA. Ce service nous permet de suivre les activit\u00e9s des utilisateurs de notre site Web lorsqu'ils arrivent sur notre site par le biais des annonces de Bing Ads. Si vous acc\u00e9dez \u00e0 notre site Web par le biais d'une telle annonce, un cookie est plac\u00e9 sur votre ordinateur. Un tag UET Bing est int\u00e9gr\u00e9 dans notre site web. Il s'agit d'un code qui est utilis\u00e9 conjointement avec le cookie pour stocker certaines informations non personnelles concernant votre utilisation du site. Ceci inclut, sans s'y limiter, le temps pass\u00e9 sur le site Web, les zones du site Web qui ont \u00e9t\u00e9 consult\u00e9es et le type d'affichage utilis\u00e9 pour acc\u00e9der au site Web. Aucune information sur votre identit\u00e9 n'est recueillie.<\/p>\n<p>Les informations recueillies sont transf\u00e9r\u00e9es sur des serveurs Microsoft aux \u00c9tats-Unis et y sont stock\u00e9es pendant 180 jours au maximum. Vous pouvez emp\u00eacher la collecte de donn\u00e9es g\u00e9n\u00e9r\u00e9es par le cookie et li\u00e9es \u00e0 votre utilisation du site et au traitement de ces donn\u00e9es en d\u00e9sactivant la configuration des cookies. Cela peut limiter la fonctionnalit\u00e9 du site Web dans certaines circonstances.<\/p>\n<p>En outre, Microsoft peut utiliser le suivi inter-appareils pour suivre vos habitudes d'utilisation sur plusieurs appareils \u00e9lectroniques, ce qui lui permet d'afficher des publicit\u00e9s personnalis\u00e9es sur les sites Web et les applications Microsoft. Vous pouvez d\u00e9sactiver ce comportement sur http:\/\/choice.microsoft.com\/de-de\/opt-out<\/p>\n<p>Pour plus d'informations sur les services analytiques de Bing, visitez le site Web de Bing Ads (<a href=\"https:\/\/help.bingads.microsoft.com\/#apex\/3\/de\/53056\/2\">https:\/\/help.bingads.microsoft.com\/#apex\/3\/de\/53056\/2<\/a>). Pour plus d'informations sur les pratiques de confidentialit\u00e9 de Microsoft et de Bing, consultez la politique de confidentialit\u00e9 de Microsoft (<a href=\"https:\/\/privacy.microsoft.com\/de-de\/privacystatement)\">https:\/\/privacy.microsoft.com\/de-de\/privacystatement)<\/a>.<\/p>\n<p><strong>Remarketing \/ reciblage sur Facebook (auditoires personnalis\u00e9s)<\/strong><br \/>\nSur nos pages, le pixel Facebook du r\u00e9seau social Facebook, 1601 South California Avenue, Palo Alto, CA 94304, USA est int\u00e9gr\u00e9. Lorsque vous visitez nos pages, Facebook Pixel \u00e9tablit une connexion directe entre votre navigateur et le serveur Facebook. Facebook re\u00e7oit l'information que vous avez visit\u00e9 notre site avec votre adresse IP. Cela permet \u00e0 Facebook d'associer la visite de nos pages \u00e0 votre compte utilisateur. Nous pouvons utiliser les informations obtenues de cette fa\u00e7on pour afficher des publicit\u00e9s Facebook ou \u00e0 des fins de suivi. Nous attirons votre attention sur le fait qu'en tant que fournisseur des pages, nous n'avons aucune connaissance du contenu des donn\u00e9es transmises ou de leur utilisation par Facebook. Vous trouverez de plus amples informations \u00e0 ce sujet dans la politique de confidentialit\u00e9 de facebook \u00e0 l'adresse <a href=\"https:\/\/www.facebook.com\/about\/privacy\">https:\/\/www.facebook.com\/about\/privacy<\/a>\/ . Si vous ne souhaitez pas que des donn\u00e9es d'audience personnalis\u00e9e soient collect\u00e9es, vous pouvez d\u00e9sactiver les donn\u00e9es d'audience personnalis\u00e9e ici.<\/p>\n<p><strong>LinkedIn Remarketing et reciblage<\/strong><br \/>\nSur nos pages sont int\u00e9gr\u00e9s les tags de remarketing du r\u00e9seau social LinkedIn Corporation, 2029 Stierlin Court, Mountain View, CA 94043, USA. Lorsque vous visitez nos sites, les balises de remarketing \u00e9tablissent une connexion directe entre votre navigateur et le serveur LinkedIn. LinkedIn re\u00e7oit des informations indiquant que votre adresse IP a \u00e9t\u00e9 utilis\u00e9e pour visiter notre site. Ceci permet \u00e0 LinkedIn d'associer votre visite sur nos pages \u00e0 votre compte utilisateur. Nous pouvons utiliser ces informations pour afficher des annonces LinkedIn. Nous attirons votre attention sur le fait qu'en tant que fournisseur des pages, nous n'avons aucune connaissance du contenu des donn\u00e9es transmises ou de leur utilisation par LinkedIn. Vous trouverez de plus amples informations \u00e0 ce sujet dans la politique de confidentialit\u00e9 de Twitter \u00e0 l'adresse <a href=\"https:\/\/www.linkedin.com\/legal\/privacy-policy\">https:\/\/www.linkedin.com\/legal\/privacy-policy<\/a><\/p>\n<p><strong>Bulletin d'information<\/strong><br \/>\nVous avez la possibilit\u00e9 de vous abonner \u00e0 notre newsletter. Pour ce faire, nous avons besoin de votre adresse e-mail et de votre d\u00e9claration que vous acceptez de recevoir la newsletter.<\/p>\n<p>Lorsque vous vous abonnez \u00e0 la newsletter, votre nom et votre adresse e-mail seront utilis\u00e9s avec votre consentement exclusivement \u00e0 des fins publicitaires jusqu'\u00e0 ce que vous vous d\u00e9sabonniez de la newsletter. Vous pouvez vous d\u00e9sabonner \u00e0 tout moment via la newsletter elle-m\u00eame ou en nous envoyant un court message.<\/p>\n<p><strong>Vos droits et contact<\/strong><br \/>\nEn principe, vous disposez d'un droit d'information, de rectification, de suppression, de restriction, de transfert de donn\u00e9es, de r\u00e9vocation et d'opposition. Si vous avez des questions \u00e0 ce sujet auxquelles cette d\u00e9claration de protection des donn\u00e9es n'a pas pu r\u00e9pondre, vous pouvez nous contacter \u00e0 tout moment \u00e0 l'adresse suivante :<\/p>\n<p><strong>teltec systems ag<\/strong><br \/>\nRue de l'Oberebene 11<br \/>\nCH-5620 Bremgarten<\/p>\n<p><strong>T\u00e9l.<\/strong> <a href=\"tel: 410566487003\">+41(0)56 648 70 03<\/a><br \/>\n<strong>Fax<\/strong> <a href=\"tel: 410566487007\">+41(0)56 648 70 07<\/a><br \/>\n<strong>Email<\/strong> <a href=\"mailto:info@teltec.ch\">info@teltec.ch<\/a><\/p>\n<p><strong>Modification de la d\u00e9claration de protection des donn\u00e9es<\/strong><br \/>\nLes propri\u00e9taires du site se r\u00e9servent le droit d'apporter des modifications \u00e0 cette d\u00e9claration de confidentialit\u00e9 \u00e0 tout moment avec effet pour l'avenir. L'utilisateur est pri\u00e9 de s'informer r\u00e9guli\u00e8rement au moyen de la pr\u00e9sente d\u00e9claration de protection des donn\u00e9es.<\/p>\n<p><strong>\u00c9tat de la politique de confidentialit\u00e9 : juillet 2019<\/strong><\/p>\n\n\t\t<\/div>\n\t<\/div>\n<\/div><\/div><\/div><\/div>","protected":false},"excerpt":{"rendered":"Imprimer Fournisseur du site Web: teltec systems ag Oberebenestrasse 11 CH-5620 Bremgarten T\u00e9l. +41(0)56 648 70 03 Fax +41(0)56 648 70 07 Email info@teltec.ch Registre du commerce no.: CH-400.1.015.290-1 N \u00b0 de TVA\u00a0:CHE-109.626.040 Propri\u00e9taire\u00a0: Markus Tellenbach &amp; Thomas Anner Personne de contact pour le site web\u00a0: Thomas Anner Concept, conception et r\u00e9alisation technique Focus Internet [...]","protected":false},"author":5,"featured_media":0,"parent":0,"menu_order":0,"comment_status":"closed","ping_status":"closed","template":"","meta":{"_monsterinsights_skip_tracking":false,"_monsterinsights_sitenote_active":false,"_monsterinsights_sitenote_note":"","_monsterinsights_sitenote_category":0,"footnotes":""},"acf":[],"yoast_head":"<!-- This site is optimized with the Yoast SEO plugin v22.7 - https:\/\/yoast.com\/wordpress\/plugins\/seo\/ -->\n<title>Imprimer - TELTEC SYSTEMS AG<\/title>\n<meta name=\"robots\" content=\"index, follow, max-snippet:-1, max-image-preview:large, max-video-preview:-1\" \/>\n<link rel=\"canonical\" href=\"https:\/\/www.teltec.ch\/fr\/imprimer\/\" \/>\n<meta property=\"og:locale\" content=\"fr_FR\" \/>\n<meta property=\"og:type\" content=\"article\" \/>\n<meta property=\"og:title\" content=\"Imprimer - TELTEC SYSTEMS AG\" \/>\n<meta property=\"og:url\" content=\"https:\/\/www.teltec.ch\/fr\/imprimer\/\" \/>\n<meta property=\"og:site_name\" content=\"TELTEC SYSTEMS AG\" \/>\n<meta property=\"article:modified_time\" content=\"2019-12-18T17:49:54+00:00\" \/>\n<meta name=\"twitter:card\" content=\"summary_large_image\" \/>\n<meta name=\"twitter:label1\" content=\"Dur\u00e9e de lecture estim\u00e9e\" \/>\n\t<meta name=\"twitter:data1\" content=\"11 minutes\" \/>\n<script type=\"application\/ld+json\" class=\"yoast-schema-graph\">{\"@context\":\"https:\/\/schema.org\",\"@graph\":[{\"@type\":\"WebPage\",\"@id\":\"https:\/\/www.teltec.ch\/fr\/imprimer\/\",\"url\":\"https:\/\/www.teltec.ch\/fr\/imprimer\/\",\"name\":\"Imprimer - TELTEC SYSTEMS AG\",\"isPartOf\":{\"@id\":\"https:\/\/www.teltec.ch\/fr\/#website\"},\"datePublished\":\"2019-04-10T09:37:22+00:00\",\"dateModified\":\"2019-12-18T17:49:54+00:00\",\"breadcrumb\":{\"@id\":\"https:\/\/www.teltec.ch\/fr\/imprimer\/#breadcrumb\"},\"inLanguage\":\"fr-FR\",\"potentialAction\":[{\"@type\":\"ReadAction\",\"target\":[\"https:\/\/www.teltec.ch\/fr\/imprimer\/\"]}]},{\"@type\":\"BreadcrumbList\",\"@id\":\"https:\/\/www.teltec.ch\/fr\/imprimer\/#breadcrumb\",\"itemListElement\":[{\"@type\":\"ListItem\",\"position\":1,\"name\":\"Home\",\"item\":\"https:\/\/www.teltec.ch\/fr\/\"},{\"@type\":\"ListItem\",\"position\":2,\"name\":\"Imprimer\"}]},{\"@type\":\"WebSite\",\"@id\":\"https:\/\/www.teltec.ch\/fr\/#website\",\"url\":\"https:\/\/www.teltec.ch\/fr\/\",\"name\":\"TELTEC SYSTEMS AG\",\"description\":\"TELTEC SYSTEMS AG: AUTOMATION\",\"potentialAction\":[{\"@type\":\"SearchAction\",\"target\":{\"@type\":\"EntryPoint\",\"urlTemplate\":\"https:\/\/www.teltec.ch\/fr\/?s={search_term_string}\"},\"query-input\":\"required name=search_term_string\"}],\"inLanguage\":\"fr-FR\"}]}<\/script>\n<!-- \/ Yoast SEO plugin. -->","yoast_head_json":{"title":"Imprimer - TELTEC SYSTEMS AG","robots":{"index":"index","follow":"follow","max-snippet":"max-snippet:-1","max-image-preview":"max-image-preview:large","max-video-preview":"max-video-preview:-1"},"canonical":"https:\/\/www.teltec.ch\/fr\/imprimer\/","og_locale":"fr_FR","og_type":"article","og_title":"Imprimer - TELTEC SYSTEMS AG","og_url":"https:\/\/www.teltec.ch\/fr\/imprimer\/","og_site_name":"TELTEC SYSTEMS AG","article_modified_time":"2019-12-18T17:49:54+00:00","twitter_card":"summary_large_image","twitter_misc":{"Dur\u00e9e de lecture estim\u00e9e":"11 minutes"},"schema":{"@context":"https:\/\/schema.org","@graph":[{"@type":"WebPage","@id":"https:\/\/www.teltec.ch\/fr\/imprimer\/","url":"https:\/\/www.teltec.ch\/fr\/imprimer\/","name":"Imprimer - TELTEC SYSTEMS AG","isPartOf":{"@id":"https:\/\/www.teltec.ch\/fr\/#website"},"datePublished":"2019-04-10T09:37:22+00:00","dateModified":"2019-12-18T17:49:54+00:00","breadcrumb":{"@id":"https:\/\/www.teltec.ch\/fr\/imprimer\/#breadcrumb"},"inLanguage":"fr-FR","potentialAction":[{"@type":"ReadAction","target":["https:\/\/www.teltec.ch\/fr\/imprimer\/"]}]},{"@type":"BreadcrumbList","@id":"https:\/\/www.teltec.ch\/fr\/imprimer\/#breadcrumb","itemListElement":[{"@type":"ListItem","position":1,"name":"Home","item":"https:\/\/www.teltec.ch\/fr\/"},{"@type":"ListItem","position":2,"name":"Imprimer"}]},{"@type":"WebSite","@id":"https:\/\/www.teltec.ch\/fr\/#website","url":"https:\/\/www.teltec.ch\/fr\/","name":"TELTEC SYSTEMS AG","description":"TELTEC SYSTEMS AG: AUTOMATION","potentialAction":[{"@type":"SearchAction","target":{"@type":"EntryPoint","urlTemplate":"https:\/\/www.teltec.ch\/fr\/?s={search_term_string}"},"query-input":"required name=search_term_string"}],"inLanguage":"fr-FR"}]}},"_links":{"self":[{"href":"https:\/\/www.teltec.ch\/fr\/wp-json\/wp\/v2\/pages\/540"}],"collection":[{"href":"https:\/\/www.teltec.ch\/fr\/wp-json\/wp\/v2\/pages"}],"about":[{"href":"https:\/\/www.teltec.ch\/fr\/wp-json\/wp\/v2\/types\/page"}],"author":[{"embeddable":true,"href":"https:\/\/www.teltec.ch\/fr\/wp-json\/wp\/v2\/users\/5"}],"replies":[{"embeddable":true,"href":"https:\/\/www.teltec.ch\/fr\/wp-json\/wp\/v2\/comments?post=540"}],"version-history":[{"count":0,"href":"https:\/\/www.teltec.ch\/fr\/wp-json\/wp\/v2\/pages\/540\/revisions"}],"wp:attachment":[{"href":"https:\/\/www.teltec.ch\/fr\/wp-json\/wp\/v2\/media?parent=540"}],"curies":[{"name":"wp","href":"https:\/\/api.w.org\/{rel}","templated":true}]}}